{"id":152,"date":"2021-04-29T08:54:26","date_gmt":"2021-04-29T05:54:26","guid":{"rendered":"https:\/\/www.konejakuljetus.fi\/?page_id=152"},"modified":"2023-09-25T20:08:39","modified_gmt":"2023-09-25T17:08:39","slug":"koeotsikko-koesivuilla","status":"publish","type":"page","link":"https:\/\/www.konejakuljetus.fi\/","title":{"rendered":"Kuljetuspalveluja ja maanrakennusta"},"content":{"rendered":"\n<figure class=\"wp-block-image size-full is-style-default\"><img loading=\"lazy\" width=\"1100\" height=\"800\" src=\"https:\/\/www.konejakuljetus.fi\/wp-content\/uploads\/2023\/09\/Header2023.gif\" alt=\"\" class=\"wp-image-268\"\/><\/figure>\n\n\n\n<h2>Tilaa ammattilaiset t\u00f6ihin<\/h2>\n\n\n\n<p id=\"u5971-2\">Toijalan Kone ja Kuljetus tarjoaa asiakkailleen maanrakennus-, koneurakointi- ja kuljetuspalveluita monipuolisesti pienemmist\u00e4 urakoista suuriin rakennusalan ty\u00f6kokonaisuuksiin. <\/p>\n\n\n\n<p id=\"u5971-5\">Ty\u00f6ntekij\u00e4mme ovat aitoja ammattilaisia, alansa parhaimmistoa. Asiantuntijuutemme pohjaa kymmenien vuosien kokemukseen. Seurauksena useita pitk\u00e4aikaisia asiakassuhteita, taustalla luottamus tekemisen laatuun. Toijalan Kone ja Kuljetus on yksi Pirkanmaan talousalueen luotettavimmista alan toimijoista.<\/p>\n\n\n\n<p id=\"u5971-8\">Olipa maanrakennus- tai kuljetustarpeesi mink\u00e4lainen tahansa, ota yhteytt\u00e4 meihin ja tilaa ammattilaiset t\u00f6ihin!<\/p>\n\n\n\n<p><strong>Lue seuraavilta sivuilta lis\u00e4\u00e4 palveluistamme ja kalustostamme.<\/strong><\/p>\n","protected":false},"excerpt":{"rendered":"<p>Tilaa ammattilaiset t\u00f6ihin Toijalan Kone ja Kuljetus tarjoaa asiakkailleen maanrakennus-, koneurakointi- ja kuljetuspalveluita monipuolisesti pienemmist\u00e4 urakoista suuriin rakennusalan ty\u00f6kokonaisuuksiin. Ty\u00f6ntekij\u00e4mme ovat aitoja ammattilaisia, alansa parhaimmistoa. Asiantuntijuutemme pohjaa kymmenien vuosien kokemukseen. Seurauksena useita pitk\u00e4aikaisia asiakassuhteita, taustalla luottamus tekemisen laatuun. Toijalan Kone ja Kuljetus on yksi Pirkanmaan talousalueen luotettavimmista alan toimijoista. Olipa maanrakennus- tai kuljetustarpeesi mink\u00e4lainen tahansa,<\/p><\/div>\n<div class=\"blog-btn\"><a href=\"https:\/\/www.konejakuljetus.fi\/\" class=\"home-blog-btn\">Lue lis\u00e4\u00e4<\/a><\/p>\n","protected":false},"author":1,"featured_media":0,"parent":0,"menu_order":0,"comment_status":"closed","ping_status":"closed","template":"","meta":[],"_links":{"self":[{"href":"https:\/\/www.konejakuljetus.fi\/index.php?rest_route=\/wp\/v2\/pages\/152"}],"collection":[{"href":"https:\/\/www.konejakuljetus.fi\/index.php?rest_route=\/wp\/v2\/pages"}],"about":[{"href":"https:\/\/www.konejakuljetus.fi\/index.php?rest_route=\/wp\/v2\/types\/page"}],"author":[{"embeddable":true,"href":"https:\/\/www.konejakuljetus.fi\/index.php?rest_route=\/wp\/v2\/users\/1"}],"replies":[{"embeddable":true,"href":"https:\/\/www.konejakuljetus.fi\/index.php?rest_route=%2Fwp%2Fv2%2Fcomments&post=152"}],"version-history":[{"count":15,"href":"https:\/\/www.konejakuljetus.fi\/index.php?rest_route=\/wp\/v2\/pages\/152\/revisions"}],"predecessor-version":[{"id":272,"href":"https:\/\/www.konejakuljetus.fi\/index.php?rest_route=\/wp\/v2\/pages\/152\/revisions\/272"}],"wp:attachment":[{"href":"https:\/\/www.konejakuljetus.fi\/index.php?rest_route=%2Fwp%2Fv2%2Fmedia&parent=152"}],"curies":[{"name":"wp","href":"https:\/\/api.w.org\/{rel}","templated":true}]}}