{"id":118,"date":"2021-04-28T15:55:31","date_gmt":"2021-04-28T12:55:31","guid":{"rendered":"https:\/\/www.konejakuljetus.fi\/about\/"},"modified":"2023-09-25T20:42:31","modified_gmt":"2023-09-25T17:42:31","slug":"about","status":"publish","type":"page","link":"https:\/\/www.konejakuljetus.fi\/?page_id=118","title":{"rendered":"Palvelut tarpeen mukaan"},"content":{"rendered":"\n<div class=\"wp-block-columns\">\n<div class=\"wp-block-column\" style=\"flex-basis:100%\">\n<div class=\"wp-block-columns\">\n<div class=\"wp-block-column\">\n<figure class=\"wp-block-image size-full\"><img loading=\"lazy\" width=\"1000\" height=\"868\" src=\"https:\/\/www.konejakuljetus.fi\/wp-content\/uploads\/2021\/04\/autojakuski-1.jpg\" alt=\"\" class=\"wp-image-213\" srcset=\"https:\/\/www.konejakuljetus.fi\/wp-content\/uploads\/2021\/04\/autojakuski-1.jpg 1000w, https:\/\/www.konejakuljetus.fi\/wp-content\/uploads\/2021\/04\/autojakuski-1-300x260.jpg 300w, https:\/\/www.konejakuljetus.fi\/wp-content\/uploads\/2021\/04\/autojakuski-1-768x667.jpg 768w\" sizes=\"(max-width: 1000px) 100vw, 1000px\" \/><\/figure>\n\n\n\n<p>Toijalan Kone ja Kuljetuksen erinomaiset 24 h\/vrk asiakkaitaan palvelevat koneurakointi- ja kuljetuspalvelut on tunnettu jo vuodesta 1956. Yrityksell\u00e4 on vahva jalansija Pirkanmaan talousalueella ja se on tunnettu luotettavuudestaan.<\/p>\n\n\n\n<figure class=\"wp-block-image size-full\"><img loading=\"lazy\" width=\"1000\" height=\"868\" src=\"https:\/\/www.konejakuljetus.fi\/wp-content\/uploads\/2023\/09\/2023lavetti.jpg\" alt=\"\" class=\"wp-image-277\" srcset=\"https:\/\/www.konejakuljetus.fi\/wp-content\/uploads\/2023\/09\/2023lavetti.jpg 1000w, https:\/\/www.konejakuljetus.fi\/wp-content\/uploads\/2023\/09\/2023lavetti-300x260.jpg 300w, https:\/\/www.konejakuljetus.fi\/wp-content\/uploads\/2023\/09\/2023lavetti-768x667.jpg 768w\" sizes=\"(max-width: 1000px) 100vw, 1000px\" \/><\/figure>\n\n\n\n<p>Kuljetuspalveluihin kuuluvat sora- ja murskekuljetukset, lavetti- ja erikoiskuljetukset, maa-aines- ja kappaletavarakuljetukset, pienkuorma-auto-, vaihtolava- ja nosturikuljetukset, erilaiset kuormaus- ja nostoty\u00f6t lis\u00e4varustein, per\u00e4vaunukuljetukset, ulkomaan kappaletavarakuljetukset, sopimuskuljetukset kotimaassa sek\u00e4 kotimaan kertakuljetukset.<\/p>\n<\/div>\n\n\n\n<div class=\"wp-block-column\">\n<figure class=\"wp-block-image size-large\"><img loading=\"lazy\" width=\"1000\" height=\"868\" src=\"https:\/\/www.konejakuljetus.fi\/wp-content\/uploads\/2023\/09\/2023nosturi.jpg\" alt=\"\" class=\"wp-image-274\" srcset=\"https:\/\/www.konejakuljetus.fi\/wp-content\/uploads\/2023\/09\/2023nosturi.jpg 1000w, https:\/\/www.konejakuljetus.fi\/wp-content\/uploads\/2023\/09\/2023nosturi-300x260.jpg 300w, https:\/\/www.konejakuljetus.fi\/wp-content\/uploads\/2023\/09\/2023nosturi-768x667.jpg 768w\" sizes=\"(max-width: 1000px) 100vw, 1000px\" \/><\/figure>\n\n\n\n<p id=\"u30581-5\">Toijalan Kone ja Kuljetus tarjoaa asiakkailleen monipuolisesti erilaisia maanrakennust\u00f6it\u00e4, kiviainestoimituksia, kappale- ja erikoiskuljetuksia sek\u00e4 koneurakointia. Asiakkaina ovat niin yksityinen, yritys kuin julkinenkin sektori.<\/p>\n\n\n\n<figure class=\"wp-block-image size-full\"><img loading=\"lazy\" width=\"1000\" height=\"868\" src=\"https:\/\/www.konejakuljetus.fi\/wp-content\/uploads\/2023\/09\/2023autot.jpg\" alt=\"\" class=\"wp-image-280\" srcset=\"https:\/\/www.konejakuljetus.fi\/wp-content\/uploads\/2023\/09\/2023autot.jpg 1000w, https:\/\/www.konejakuljetus.fi\/wp-content\/uploads\/2023\/09\/2023autot-300x260.jpg 300w, https:\/\/www.konejakuljetus.fi\/wp-content\/uploads\/2023\/09\/2023autot-768x667.jpg 768w\" sizes=\"(max-width: 1000px) 100vw, 1000px\" \/><\/figure>\n<\/div>\n<\/div>\n<\/div>\n<\/div>\n","protected":false},"excerpt":{"rendered":"","protected":false},"author":1,"featured_media":0,"parent":0,"menu_order":0,"comment_status":"closed","ping_status":"closed","template":"template\/template-about.php","meta":[],"_links":{"self":[{"href":"https:\/\/www.konejakuljetus.fi\/index.php?rest_route=\/wp\/v2\/pages\/118"}],"collection":[{"href":"https:\/\/www.konejakuljetus.fi\/index.php?rest_route=\/wp\/v2\/pages"}],"about":[{"href":"https:\/\/www.konejakuljetus.fi\/index.php?rest_route=\/wp\/v2\/types\/page"}],"author":[{"embeddable":true,"href":"https:\/\/www.konejakuljetus.fi\/index.php?rest_route=\/wp\/v2\/users\/1"}],"replies":[{"embeddable":true,"href":"https:\/\/www.konejakuljetus.fi\/index.php?rest_route=%2Fwp%2Fv2%2Fcomments&post=118"}],"version-history":[{"count":10,"href":"https:\/\/www.konejakuljetus.fi\/index.php?rest_route=\/wp\/v2\/pages\/118\/revisions"}],"predecessor-version":[{"id":281,"href":"https:\/\/www.konejakuljetus.fi\/index.php?rest_route=\/wp\/v2\/pages\/118\/revisions\/281"}],"wp:attachment":[{"href":"https:\/\/www.konejakuljetus.fi\/index.php?rest_route=%2Fwp%2Fv2%2Fmedia&parent=118"}],"curies":[{"name":"wp","href":"https:\/\/api.w.org\/{rel}","templated":true}]}}